{"id":937,"date":"2021-08-14T16:36:40","date_gmt":"2021-08-14T16:36:40","guid":{"rendered":"https:\/\/garrcorpcomputer.com\/?post_type=product&#038;p=937"},"modified":"2021-08-14T19:01:29","modified_gmt":"2021-08-14T19:01:29","slug":"camara-logitech-c920s-pro-full-hd","status":"publish","type":"product","link":"https:\/\/garrcorpcomputer.com\/index.php\/producto\/camara-logitech-c920s-pro-full-hd\/","title":{"rendered":"CAMARA LOGITECH C920S PRO FULL HD"},"content":{"rendered":"<p><img loading=\"lazy\" class=\"alignnone size-medium wp-image-939\" src=\"https:\/\/i0.wp.com\/garrcorpcomputer.com\/wp-content\/uploads\/2021\/08\/D_NQ_NP_812626-MCO46491660787_062021-O.png?resize=300%2C291&#038;ssl=1\" alt=\"\" width=\"300\" height=\"291\" srcset=\"https:\/\/i0.wp.com\/garrcorpcomputer.com\/wp-content\/uploads\/2021\/08\/D_NQ_NP_812626-MCO46491660787_062021-O.png?resize=300%2C291&amp;ssl=1 300w, https:\/\/i0.wp.com\/garrcorpcomputer.com\/wp-content\/uploads\/2021\/08\/D_NQ_NP_812626-MCO46491660787_062021-O.png?w=500&amp;ssl=1 500w\" sizes=\"(max-width: 300px) 100vw, 300px\" data-recalc-dims=\"1\" \/><\/p>\n","protected":false},"excerpt":{"rendered":"","protected":false},"featured_media":939,"comment_status":"closed","ping_status":"closed","template":"","meta":{"om_disable_all_campaigns":false,"_mi_skip_tracking":false,"spay_email":"","jetpack_publicize_message":"","jetpack_is_tweetstorm":false},"product_cat":[30,75],"product_tag":[139],"jetpack_publicize_connections":[],"jetpack-related-posts":[{"id":4159,"url":"https:\/\/garrcorpcomputer.com\/index.php\/producto\/camara-roja-genius-qcam-6000\/","url_meta":{"origin":937,"position":0},"title":"Camara Roja Genius QCAM 6000","date":"27 de agosto de 2021","format":false,"excerpt":"FULL DEFINICI\u00d3N ALTA 1080P GRABAR EN FULL HD 1080P LLAMADAS DE V\u00cdDEO CON MICR\u00d3FONO DIGITAL INTEGRADO.","rel":"","context":"Entrada similar","img":{"alt_text":"","src":"https:\/\/i2.wp.com\/garrcorpcomputer.com\/wp-content\/uploads\/2021\/08\/camara-2.png?fit=465%2C391&ssl=1&resize=350%2C200","width":350,"height":200},"classes":[]},{"id":4478,"url":"https:\/\/garrcorpcomputer.com\/index.php\/producto\/portatil-hp-15-da2025la-core3-10110u-4gb-256gb-win-10-pro-2c6y7laabm\/","url_meta":{"origin":937,"position":1},"title":"Port\u00e1til Hp 15-da2025la Core\u00a13 10110u 4GB 256GB Win 10 Pro-2C6Y7LA#ABM","date":"31 de agosto de 2021","format":false,"excerpt":"Procesador: Intel Core i3-10110U frecuencia base de 2,1 Ghz Memoria: 4 GB de SDRAM DDR4-2666 (1 x 4 GB) Almacenamiento: SSD de 256 Gb Gr\u00e1ficos: Gr\u00e1ficos Intel\u00ae UHD Pantalla: 15,6 \"en diagonal, HD (1366 x 768), BrightView, 220 nits, 45% NTSC Sistema Operativo: Windows 10 Pro C\u00e1mara: C\u00e1mara web con\u2026","rel":"","context":"Entrada similar","img":{"alt_text":"","src":"https:\/\/i0.wp.com\/garrcorpcomputer.com\/wp-content\/uploads\/2021\/08\/portatil-11.png?fit=322%2C220&ssl=1&resize=350%2C200","width":350,"height":200},"classes":[]},{"id":4816,"url":"https:\/\/garrcorpcomputer.com\/index.php\/producto\/camara-turbo-1080p-domo-0-01lux130db-ir30m-ip67-ik10-metal-hikvision-turbo-hd-domo-antivandalico-1080p\/","url_meta":{"origin":937,"position":2},"title":"C\u00e1mara turbo 1080P domo 0.01LUX130DB IR30m IP67 IK10 metal HIKVISION \/ turbo HD domo antivand\u00e1lico 1080P","date":"2 de septiembre de 2021","format":false,"excerpt":"DS-2CE56D8T-VPITF","rel":"","context":"Entrada similar","img":{"alt_text":"","src":"","width":0,"height":0},"classes":[]},{"id":5567,"url":"https:\/\/garrcorpcomputer.com\/index.php\/producto\/monitor-21-5-asus-vp228qg\/","url_meta":{"origin":937,"position":3},"title":"Monitor 21.5&#8243; ASUS VP228QG","date":"8 de septiembre de 2021","format":false,"excerpt":"Frecuencia de refresco: 75 Hz Tipo de resoluci\u00f3n: Full HD Relaci\u00f3n de aspecto: 16:9 Tipo de pantalla: LED Resoluci\u00f3n de la pantalla: 1920 x 1080 px Tecnolog\u00edas de la pantalla: TN","rel":"","context":"Entrada similar","img":{"alt_text":"","src":"https:\/\/i2.wp.com\/garrcorpcomputer.com\/wp-content\/uploads\/2021\/09\/monitor-gamer-1-1.png?fit=372%2C261&ssl=1&resize=350%2C200","width":350,"height":200},"classes":[]},{"id":5596,"url":"https:\/\/garrcorpcomputer.com\/index.php\/producto\/monitor-gaming-32-curvo-asus-vg328h1b\/","url_meta":{"origin":937,"position":4},"title":"Monitor Gaming 32&#8243; curvo ASUS VG328H1B","date":"8 de septiembre de 2021","format":false,"excerpt":"Frecuencia de refresco 165 Hz Tipo de pantalla LED Tipo de resoluci\u00f3n Full HD Pantalla 1920 x 1080 px Curvo: si Tipo de panel: VA","rel":"","context":"Entrada similar","img":{"alt_text":"","src":"https:\/\/i1.wp.com\/garrcorpcomputer.com\/wp-content\/uploads\/2021\/09\/monitor-gamer-6.png?fit=502%2C483&ssl=1&resize=350%2C200","width":350,"height":200},"classes":[]},{"id":5450,"url":"https:\/\/garrcorpcomputer.com\/index.php\/producto\/portatil-notebook-asus-x509ua-ej345\/","url_meta":{"origin":937,"position":5},"title":"Port\u00e1til Notebook Asus X509UA-EJ345","date":"7 de septiembre de 2021","format":false,"excerpt":"Consultar disponibilidad","rel":"","context":"Entrada similar","img":{"alt_text":"","src":"","width":0,"height":0},"classes":[]}],"jetpack_sharing_enabled":true,"_links":{"self":[{"href":"https:\/\/garrcorpcomputer.com\/index.php\/wp-json\/wp\/v2\/product\/937"}],"collection":[{"href":"https:\/\/garrcorpcomputer.com\/index.php\/wp-json\/wp\/v2\/product"}],"about":[{"href":"https:\/\/garrcorpcomputer.com\/index.php\/wp-json\/wp\/v2\/types\/product"}],"replies":[{"embeddable":true,"href":"https:\/\/garrcorpcomputer.com\/index.php\/wp-json\/wp\/v2\/comments?post=937"}],"version-history":[{"count":0,"href":"https:\/\/garrcorpcomputer.com\/index.php\/wp-json\/wp\/v2\/product\/937\/revisions"}],"wp:featuredmedia":[{"embeddable":true,"href":"https:\/\/garrcorpcomputer.com\/index.php\/wp-json\/wp\/v2\/media\/939"}],"wp:attachment":[{"href":"https:\/\/garrcorpcomputer.com\/index.php\/wp-json\/wp\/v2\/media?parent=937"}],"wp:term":[{"taxonomy":"product_cat","embeddable":true,"href":"https:\/\/garrcorpcomputer.com\/index.php\/wp-json\/wp\/v2\/product_cat?post=937"},{"taxonomy":"product_tag","embeddable":true,"href":"https:\/\/garrcorpcomputer.com\/index.php\/wp-json\/wp\/v2\/product_tag?post=937"}],"curies":[{"name":"wp","href":"https:\/\/api.w.org\/{rel}","templated":true}]}}